{"id":2,"date":"2026-03-03T16:29:04","date_gmt":"2026-03-03T19:29:04","guid":{"rendered":"http:\/\/eficazseguranca.com.br\/blog\/?page_id=2"},"modified":"2026-03-04T15:50:07","modified_gmt":"2026-03-04T18:50:07","slug":"pagina-exemplo","status":"publish","type":"page","link":"https:\/\/eficazseguranca.com.br\/blog\/","title":{"rendered":"Blog de Seguran\u00e7a Eletr\u00f4nica"},"content":{"rendered":"\n<h1 class=\"wp-block-heading\">Blog de Seguran\u00e7a Eletr\u00f4nica<\/h1>\n\n\n\n<p>Aqui voc\u00ea encontra conte\u00fados, dicas e orienta\u00e7\u00f5es sobre seguran\u00e7a eletr\u00f4nica, monitoramento de alarmes, c\u00e2meras de seguran\u00e7a e tecnologias utilizadas para proteger empresas e resid\u00eancias.<\/p>\n\n\n\n<h2 class=\"wp-block-heading\">Temas do Blog<\/h2>\n\n\n\n<div class=\"wp-block-columns is-layout-flex wp-container-core-columns-is-layout-28f84493 wp-block-columns-is-layout-flex\">\n<div class=\"wp-block-column is-layout-flow wp-block-column-is-layout-flow\">\n<p>Seguran\u00e7a Empresarial<\/p>\n\n\n\n<p>Estrat\u00e9gias e tecnologias para proteger empresas contra riscos e invas\u00f5es.<\/p>\n\n\n\n<div class=\"wp-block-buttons is-layout-flex wp-block-buttons-is-layout-flex\">\n<div class=\"wp-block-button\"><a class=\"wp-block-button__link wp-element-button\">Ver Artigos<\/a><\/div>\n<\/div>\n<\/div>\n\n\n\n<div class=\"wp-block-column is-layout-flow wp-block-column-is-layout-flow\"><\/div>\n\n\n\n<div class=\"wp-block-column is-layout-flow wp-block-column-is-layout-flow\"><\/div>\n<\/div>\n\n\n\n<p><\/p>\n\n\n\n<blockquote class=\"wp-block-quote is-layout-flow wp-block-quote-is-layout-flow\">\n<p><\/p>\n<\/blockquote>\n\n\n\n<p>&#8230;ou alguma coisa assim:<\/p>\n\n\n\n<blockquote class=\"wp-block-quote is-layout-flow wp-block-quote-is-layout-flow\">\n<p>A Companhia de Miniaturas XYZ foi fundada em 1971, e desde ent\u00e3o tem fornecido miniaturas de qualidade ao p\u00fablico. Localizada na cidade de Itu, a XYZ emprega mais de 2.000 pessoas e faz coisas grandiosas para a comunidade da cidade.<\/p>\n<\/blockquote>\n\n\n\n<p>Como um novo usu\u00e1rio do WordPress, voc\u00ea deveria ir ao <a href=\"http:\/\/eficazseguranca.com.br\/blog\/wp-admin\/\">painel<\/a> para excluir essa p\u00e1gina e criar novas p\u00e1ginas para o seu conte\u00fado. Divirta-se!<\/p>\n","protected":false},"excerpt":{"rendered":"<p>Blog de Seguran\u00e7a Eletr\u00f4nica Aqui voc\u00ea encontra conte\u00fados, dicas e orienta\u00e7\u00f5es sobre seguran\u00e7a eletr\u00f4nica, monitoramento de alarmes, c\u00e2meras de seguran\u00e7a e tecnologias utilizadas para proteger empresas e resid\u00eancias. Temas do Blog Seguran\u00e7a Empresarial Estrat\u00e9gias e tecnologias para proteger empresas contra riscos e invas\u00f5es. &#8230;ou alguma coisa assim: A Companhia de Miniaturas XYZ foi fundada em [&hellip;]<\/p>\n","protected":false},"author":1,"featured_media":0,"parent":0,"menu_order":0,"comment_status":"closed","ping_status":"open","template":"","meta":{"footnotes":""},"class_list":["post-2","page","type-page","status-publish","hentry"],"_links":{"self":[{"href":"https:\/\/eficazseguranca.com.br\/blog\/wp-json\/wp\/v2\/pages\/2","targetHints":{"allow":["GET"]}}],"collection":[{"href":"https:\/\/eficazseguranca.com.br\/blog\/wp-json\/wp\/v2\/pages"}],"about":[{"href":"https:\/\/eficazseguranca.com.br\/blog\/wp-json\/wp\/v2\/types\/page"}],"author":[{"embeddable":true,"href":"https:\/\/eficazseguranca.com.br\/blog\/wp-json\/wp\/v2\/users\/1"}],"replies":[{"embeddable":true,"href":"https:\/\/eficazseguranca.com.br\/blog\/wp-json\/wp\/v2\/comments?post=2"}],"version-history":[{"count":4,"href":"https:\/\/eficazseguranca.com.br\/blog\/wp-json\/wp\/v2\/pages\/2\/revisions"}],"predecessor-version":[{"id":77,"href":"https:\/\/eficazseguranca.com.br\/blog\/wp-json\/wp\/v2\/pages\/2\/revisions\/77"}],"wp:attachment":[{"href":"https:\/\/eficazseguranca.com.br\/blog\/wp-json\/wp\/v2\/media?parent=2"}],"curies":[{"name":"wp","href":"https:\/\/api.w.org\/{rel}","templated":true}]}}